{"id":12,"date":"2024-08-29T17:21:27","date_gmt":"2024-08-29T17:21:27","guid":{"rendered":"https:\/\/albhomecare.com\/?page_id=12"},"modified":"2024-09-11T23:16:40","modified_gmt":"2024-09-11T23:16:40","slug":"employment","status":"publish","type":"page","link":"https:\/\/albhomecare.com\/es\/employment\/","title":{"rendered":"Carreras"},"content":{"rendered":"<div data-elementor-type=\"wp-page\" data-elementor-id=\"12\" class=\"elementor elementor-12\" data-elementor-post-type=\"page\">\n\t\t\t\t<div class=\"elementor-element elementor-element-4527394 e-flex e-con-boxed e-con e-parent\" data-id=\"4527394\" data-element_type=\"container\" data-settings=\"{&quot;background_background&quot;:&quot;classic&quot;}\">\n\t\t\t\t\t<div class=\"e-con-inner\">\n\t\t<div class=\"elementor-element elementor-element-a56162d e-con-full e-flex e-con e-child\" data-id=\"a56162d\" data-element_type=\"container\">\n\t\t\t\t<div class=\"elementor-element elementor-element-070229c elementor-widget elementor-widget-heading\" data-id=\"070229c\" data-element_type=\"widget\" data-widget_type=\"heading.default\">\n\t\t\t\t<div class=\"elementor-widget-container\">\n\t\t\t<h1 class=\"elementor-heading-title elementor-size-default\">Carreras<\/h1>\t\t<\/div>\n\t\t\t\t<\/div>\n\t\t\t\t<div class=\"elementor-element elementor-element-0a21635 elementor-widget-divider--view-line elementor-widget elementor-widget-divider\" data-id=\"0a21635\" data-element_type=\"widget\" data-widget_type=\"divider.default\">\n\t\t\t\t<div class=\"elementor-widget-container\">\n\t\t\t\t\t<div class=\"elementor-divider\">\n\t\t\t<span class=\"elementor-divider-separator\">\n\t\t\t\t\t\t<\/span>\n\t\t<\/div>\n\t\t\t\t<\/div>\n\t\t\t\t<\/div>\n\t\t\t\t<div class=\"elementor-element elementor-element-0a00d80 elementor-align-center elementor-widget elementor-widget-breadcrumbs\" data-id=\"0a00d80\" data-element_type=\"widget\" data-widget_type=\"breadcrumbs.default\">\n\t\t\t\t<div class=\"elementor-widget-container\">\n\t\t\t<p id=\"breadcrumbs\"><span><span><a href=\"https:\/\/albhomecare.com\/es\/\">Inicio<\/a><\/span><\/span><\/p>\t\t<\/div>\n\t\t\t\t<\/div>\n\t\t\t\t<\/div>\n\t\t\t\t\t<\/div>\n\t\t\t\t<\/div>\n\t\t<div class=\"elementor-element elementor-element-e1c4d26 e-flex e-con-boxed e-con e-parent\" data-id=\"e1c4d26\" data-element_type=\"container\">\n\t\t\t\t\t<div class=\"e-con-inner\">\n\t\t<div class=\"elementor-element elementor-element-ec53038 e-con-full e-flex e-con e-child\" data-id=\"ec53038\" data-element_type=\"container\">\n\t\t\t\t<div class=\"elementor-element elementor-element-b243b57 elementor-widget elementor-widget-heading\" data-id=\"b243b57\" data-element_type=\"widget\" data-widget_type=\"heading.default\">\n\t\t\t\t<div class=\"elementor-widget-container\">\n\t\t\t<h2 class=\"elementor-heading-title elementor-size-default\">\u00danete al equipo de ALB Home Care\n<\/h2>\t\t<\/div>\n\t\t\t\t<\/div>\n\t\t\t\t<div class=\"elementor-element elementor-element-6342d47 elementor-widget-divider--view-line elementor-widget elementor-widget-divider\" data-id=\"6342d47\" data-element_type=\"widget\" data-widget_type=\"divider.default\">\n\t\t\t\t<div class=\"elementor-widget-container\">\n\t\t\t\t\t<div class=\"elementor-divider\">\n\t\t\t<span class=\"elementor-divider-separator\">\n\t\t\t\t\t\t<\/span>\n\t\t<\/div>\n\t\t\t\t<\/div>\n\t\t\t\t<\/div>\n\t\t\t\t<div class=\"elementor-element elementor-element-17f35b8 elementor-widget elementor-widget-text-editor\" data-id=\"17f35b8\" data-element_type=\"widget\" data-widget_type=\"text-editor.default\">\n\t\t\t\t<div class=\"elementor-widget-container\">\n\t\t\t\t\t\t\tEn ALB Home Care, creemos que un cuidado excepcional comienza con cuidadores excepcionales. Si usted tiene una pasi\u00f3n por ayudar a los dem\u00e1s y el compromiso de hacer una diferencia positiva en la vida de las personas, le invitamos a unirse a nuestro equipo de profesionales de atenci\u00f3n domiciliaria dedicados.\n\n\t\t\t\t\t\t<\/div>\n\t\t\t\t<\/div>\n\t\t\t\t<\/div>\n\t\t<div class=\"elementor-element elementor-element-fa42891 e-con-full e-flex e-con e-child\" data-id=\"fa42891\" data-element_type=\"container\">\n\t\t<div class=\"elementor-element elementor-element-b224e0e e-con-full e-flex e-con e-child\" data-id=\"b224e0e\" data-element_type=\"container\">\n\t\t\t\t<div class=\"elementor-element elementor-element-c2c9930 elementor-widget elementor-widget-heading\" data-id=\"c2c9930\" data-element_type=\"widget\" data-widget_type=\"heading.default\">\n\t\t\t\t<div class=\"elementor-widget-container\">\n\t\t\t<h2 class=\"elementor-heading-title elementor-size-default\">\u00bfPor qu\u00e9 trabajar con nosotros?\n<\/h2>\t\t<\/div>\n\t\t\t\t<\/div>\n\t\t\t\t<div class=\"elementor-element elementor-element-6387aba elementor-widget-divider--view-line elementor-widget elementor-widget-divider\" data-id=\"6387aba\" data-element_type=\"widget\" data-widget_type=\"divider.default\">\n\t\t\t\t<div class=\"elementor-widget-container\">\n\t\t\t\t\t<div class=\"elementor-divider\">\n\t\t\t<span class=\"elementor-divider-separator\">\n\t\t\t\t\t\t<\/span>\n\t\t<\/div>\n\t\t\t\t<\/div>\n\t\t\t\t<\/div>\n\t\t\t\t<div class=\"elementor-element elementor-element-666fd4e elementor-position-left elementor-vertical-align-top elementor-widget elementor-widget-image-box\" data-id=\"666fd4e\" data-element_type=\"widget\" data-widget_type=\"image-box.default\">\n\t\t\t\t<div class=\"elementor-widget-container\">\n\t\t\t<div class=\"elementor-image-box-wrapper\"><figure class=\"elementor-image-box-img\"><img fetchpriority=\"high\" decoding=\"async\" width=\"512\" height=\"512\" src=\"https:\/\/albhomecare.com\/wp-content\/uploads\/2024\/08\/medical-team.png\" class=\"attachment-full size-full wp-image-238\" alt=\"\" srcset=\"https:\/\/albhomecare.com\/wp-content\/uploads\/2024\/08\/medical-team.png 512w, https:\/\/albhomecare.com\/wp-content\/uploads\/2024\/08\/medical-team-300x300.png 300w, https:\/\/albhomecare.com\/wp-content\/uploads\/2024\/08\/medical-team-150x150.png 150w\" sizes=\"(max-width: 512px) 100vw, 512px\" \/><\/figure><div class=\"elementor-image-box-content\"><h3 class=\"elementor-image-box-title\">Forme parte de una comunidad solidaria<\/h3><p class=\"elementor-image-box-description\">Cuando te unes a ALB Home Care, pasas a formar parte de una comunidad compasiva y solidaria de cuidadores que comparten tu pasi\u00f3n por ayudar a los dem\u00e1s. Valoramos el trabajo en equipo, la empat\u00eda y el respeto, y estamos aqu\u00ed para apoyarte a medida que haces una diferencia en las vidas de aquellos a quienes servimos.<\/p><\/div><\/div>\t\t<\/div>\n\t\t\t\t<\/div>\n\t\t\t\t<div class=\"elementor-element elementor-element-e1bd5aa elementor-position-left elementor-vertical-align-top elementor-widget elementor-widget-image-box\" data-id=\"e1bd5aa\" data-element_type=\"widget\" data-widget_type=\"image-box.default\">\n\t\t\t\t<div class=\"elementor-widget-container\">\n\t\t\t<div class=\"elementor-image-box-wrapper\"><figure class=\"elementor-image-box-img\"><img decoding=\"async\" width=\"512\" height=\"512\" src=\"https:\/\/albhomecare.com\/wp-content\/uploads\/2024\/08\/internship.png\" class=\"attachment-full size-full wp-image-237\" alt=\"\" srcset=\"https:\/\/albhomecare.com\/wp-content\/uploads\/2024\/08\/internship.png 512w, https:\/\/albhomecare.com\/wp-content\/uploads\/2024\/08\/internship-300x300.png 300w, https:\/\/albhomecare.com\/wp-content\/uploads\/2024\/08\/internship-150x150.png 150w\" sizes=\"(max-width: 512px) 100vw, 512px\" \/><\/figure><div class=\"elementor-image-box-content\"><h3 class=\"elementor-image-box-title\">Formaci\u00f3n y desarrollo continuos<\/h3><p class=\"elementor-image-box-description\">Creemos en la inversi\u00f3n en nuestros cuidadores. Por eso ofrecemos formaci\u00f3n continua y oportunidades de desarrollo profesional para ayudarle a crecer en su carrera. Tanto si acabas de empezar como si tienes a\u00f1os de experiencia, te ofrecemos los recursos y el apoyo que necesitas para triunfar.<\/p><\/div><\/div>\t\t<\/div>\n\t\t\t\t<\/div>\n\t\t\t\t<div class=\"elementor-element elementor-element-1762427 elementor-position-left elementor-vertical-align-top elementor-widget elementor-widget-image-box\" data-id=\"1762427\" data-element_type=\"widget\" data-widget_type=\"image-box.default\">\n\t\t\t\t<div class=\"elementor-widget-container\">\n\t\t\t<div class=\"elementor-image-box-wrapper\"><figure class=\"elementor-image-box-img\"><img fetchpriority=\"high\" decoding=\"async\" width=\"512\" height=\"512\" src=\"https:\/\/albhomecare.com\/wp-content\/uploads\/2024\/08\/medical-team.png\" class=\"attachment-full size-full wp-image-238\" alt=\"\" srcset=\"https:\/\/albhomecare.com\/wp-content\/uploads\/2024\/08\/medical-team.png 512w, https:\/\/albhomecare.com\/wp-content\/uploads\/2024\/08\/medical-team-300x300.png 300w, https:\/\/albhomecare.com\/wp-content\/uploads\/2024\/08\/medical-team-150x150.png 150w\" sizes=\"(max-width: 512px) 100vw, 512px\" \/><\/figure><div class=\"elementor-image-box-content\"><h3 class=\"elementor-image-box-title\">Horarios flexibles<\/h3><p class=\"elementor-image-box-description\">Entendemos que la vida puede ser ajetreada, por lo que ofrecemos opciones de horarios flexibles que se adapten a su estilo de vida. Tanto si busca oportunidades a tiempo completo, a tiempo parcial o por d\u00edas, tenemos una gran variedad de puestos disponibles para satisfacer sus necesidades.\n\n<\/p><\/div><\/div>\t\t<\/div>\n\t\t\t\t<\/div>\n\t\t\t\t<div class=\"elementor-element elementor-element-917785c elementor-widget elementor-widget-premium-addon-button\" data-id=\"917785c\" data-element_type=\"widget\" data-widget_type=\"premium-addon-button.default\">\n\t\t\t\t<div class=\"elementor-widget-container\">\n\t\t\t\r\n\r\n\t\t<a class=\"premium-button premium-button-style1 premium-btn-lg premium-button-style1-right\" href=\"https:\/\/albhomecare.com\/es\/contact\/\">\r\n\t\t\t<div class=\"premium-button-text-icon-wrapper\">\r\n\t\t\t\t\r\n\t\t\t\t\t\t\t\t\t<span >\r\n\t\t\t\t\t\tP\u00f3ngase en contacto con nosotros\t\t\t\t\t<\/span>\r\n\t\t\t\t\r\n\t\t\t\t<!-- After Icon -->\r\n\t\t\t\t\t\t\t<\/div>\r\n\r\n\t\t\t\r\n\t\t\t\r\n\t\t\t\r\n\t\t<\/a>\r\n\r\n\r\n\t\t\t\t<\/div>\n\t\t\t\t<\/div>\n\t\t\t\t<\/div>\n\t\t<div class=\"elementor-element elementor-element-aaaf901 e-con-full e-flex e-con e-child\" data-id=\"aaaf901\" data-element_type=\"container\" data-settings=\"{&quot;background_background&quot;:&quot;classic&quot;}\">\n\t\t\t\t<div class=\"elementor-element elementor-element-03d5056 elementor-widget elementor-widget-spacer\" data-id=\"03d5056\" data-element_type=\"widget\" data-widget_type=\"spacer.default\">\n\t\t\t\t<div class=\"elementor-widget-container\">\n\t\t\t\t\t<div class=\"elementor-spacer\">\n\t\t\t<div class=\"elementor-spacer-inner\"><\/div>\n\t\t<\/div>\n\t\t\t\t<\/div>\n\t\t\t\t<\/div>\n\t\t\t\t<\/div>\n\t\t\t\t<\/div>\n\t\t\t\t\t<\/div>\n\t\t\t\t<\/div>\n\t\t\t\t<\/div>","protected":false},"excerpt":{"rendered":"<p>Employment Join the ALB Home Care Team At ALB Home Care, we believe that exceptional care starts with exceptional caregivers. If you have a passion for helping others and a commitment to making a positive difference in people&#8217;s lives, we invite you to join our team of dedicated home care professionals. Why Work with Us? [&hellip;]<\/p>","protected":false},"author":1,"featured_media":0,"parent":0,"menu_order":0,"comment_status":"closed","ping_status":"closed","template":"elementor_header_footer","meta":{"footnotes":""},"class_list":["post-12","page","type-page","status-publish","hentry"],"yoast_head":"<!-- This site is optimized with the Yoast SEO plugin v23.4 - https:\/\/yoast.com\/wordpress\/plugins\/seo\/ -->\n<title>Employment - Caring for Loved Ones Together!<\/title>\n<meta name=\"robots\" content=\"index, follow, max-snippet:-1, max-image-preview:large, max-video-preview:-1\" \/>\n<link rel=\"canonical\" href=\"https:\/\/albhomecare.com\/es\/employment\/\" \/>\n<meta property=\"og:locale\" content=\"es_MX\" \/>\n<meta property=\"og:type\" content=\"article\" \/>\n<meta property=\"og:title\" content=\"Employment - Caring for Loved Ones Together!\" \/>\n<meta property=\"og:description\" content=\"Employment Join the ALB Home Care Team At ALB Home Care, we believe that exceptional care starts with exceptional caregivers. If you have a passion for helping others and a commitment to making a positive difference in people&#8217;s lives, we invite you to join our team of dedicated home care professionals. Why Work with Us? [&hellip;]\" \/>\n<meta property=\"og:url\" content=\"https:\/\/albhomecare.com\/es\/employment\/\" \/>\n<meta property=\"og:site_name\" content=\"Caring for Loved Ones Together!\" \/>\n<meta property=\"article:modified_time\" content=\"2024-09-11T23:16:40+00:00\" \/>\n<meta property=\"og:image\" content=\"https:\/\/albhomecare.com\/wp-content\/uploads\/2024\/08\/medical-team.png\" \/>\n<meta name=\"twitter:card\" content=\"summary_large_image\" \/>\n<meta name=\"twitter:label1\" content=\"Tiempo de lectura\" \/>\n\t<meta name=\"twitter:data1\" content=\"2 minutos\" \/>\n<script type=\"application\/ld+json\" class=\"yoast-schema-graph\">{\"@context\":\"https:\/\/schema.org\",\"@graph\":[{\"@type\":\"WebPage\",\"@id\":\"https:\/\/albhomecare.com\/employment\/\",\"url\":\"https:\/\/albhomecare.com\/employment\/\",\"name\":\"Employment - Caring for Loved Ones Together!\",\"isPartOf\":{\"@id\":\"https:\/\/albhomecare.com\/#website\"},\"primaryImageOfPage\":{\"@id\":\"https:\/\/albhomecare.com\/employment\/#primaryimage\"},\"image\":{\"@id\":\"https:\/\/albhomecare.com\/employment\/#primaryimage\"},\"thumbnailUrl\":\"https:\/\/albhomecare.com\/wp-content\/uploads\/2024\/08\/medical-team.png\",\"datePublished\":\"2024-08-29T17:21:27+00:00\",\"dateModified\":\"2024-09-11T23:16:40+00:00\",\"breadcrumb\":{\"@id\":\"https:\/\/albhomecare.com\/employment\/#breadcrumb\"},\"inLanguage\":\"es\",\"potentialAction\":[{\"@type\":\"ReadAction\",\"target\":[\"https:\/\/albhomecare.com\/employment\/\"]}]},{\"@type\":\"ImageObject\",\"inLanguage\":\"es\",\"@id\":\"https:\/\/albhomecare.com\/employment\/#primaryimage\",\"url\":\"https:\/\/albhomecare.com\/wp-content\/uploads\/2024\/08\/medical-team.png\",\"contentUrl\":\"https:\/\/albhomecare.com\/wp-content\/uploads\/2024\/08\/medical-team.png\"},{\"@type\":\"BreadcrumbList\",\"@id\":\"https:\/\/albhomecare.com\/employment\/#breadcrumb\",\"itemListElement\":[{\"@type\":\"ListItem\",\"position\":1,\"name\":\"Home\",\"item\":\"https:\/\/albhomecare.com\/\"},{\"@type\":\"ListItem\",\"position\":2,\"name\":\"Employment\"}]},{\"@type\":\"WebSite\",\"@id\":\"https:\/\/albhomecare.com\/#website\",\"url\":\"https:\/\/albhomecare.com\/\",\"name\":\"Caring for Loved Ones Together!\",\"description\":\"\",\"potentialAction\":[{\"@type\":\"SearchAction\",\"target\":{\"@type\":\"EntryPoint\",\"urlTemplate\":\"https:\/\/albhomecare.com\/?s={search_term_string}\"},\"query-input\":{\"@type\":\"PropertyValueSpecification\",\"valueRequired\":true,\"valueName\":\"search_term_string\"}}],\"inLanguage\":\"es\"}]}<\/script>\n<!-- \/ Yoast SEO plugin. -->","yoast_head_json":{"title":"Employment - Caring for Loved Ones Together!","robots":{"index":"index","follow":"follow","max-snippet":"max-snippet:-1","max-image-preview":"max-image-preview:large","max-video-preview":"max-video-preview:-1"},"canonical":"https:\/\/albhomecare.com\/es\/employment\/","og_locale":"es_MX","og_type":"article","og_title":"Employment - Caring for Loved Ones Together!","og_description":"Employment Join the ALB Home Care Team At ALB Home Care, we believe that exceptional care starts with exceptional caregivers. If you have a passion for helping others and a commitment to making a positive difference in people&#8217;s lives, we invite you to join our team of dedicated home care professionals. Why Work with Us? [&hellip;]","og_url":"https:\/\/albhomecare.com\/es\/employment\/","og_site_name":"Caring for Loved Ones Together!","article_modified_time":"2024-09-11T23:16:40+00:00","og_image":[{"url":"https:\/\/albhomecare.com\/wp-content\/uploads\/2024\/08\/medical-team.png"}],"twitter_card":"summary_large_image","twitter_misc":{"Tiempo de lectura":"2 minutos"},"schema":{"@context":"https:\/\/schema.org","@graph":[{"@type":"WebPage","@id":"https:\/\/albhomecare.com\/employment\/","url":"https:\/\/albhomecare.com\/employment\/","name":"Employment - Caring for Loved Ones Together!","isPartOf":{"@id":"https:\/\/albhomecare.com\/#website"},"primaryImageOfPage":{"@id":"https:\/\/albhomecare.com\/employment\/#primaryimage"},"image":{"@id":"https:\/\/albhomecare.com\/employment\/#primaryimage"},"thumbnailUrl":"https:\/\/albhomecare.com\/wp-content\/uploads\/2024\/08\/medical-team.png","datePublished":"2024-08-29T17:21:27+00:00","dateModified":"2024-09-11T23:16:40+00:00","breadcrumb":{"@id":"https:\/\/albhomecare.com\/employment\/#breadcrumb"},"inLanguage":"es","potentialAction":[{"@type":"ReadAction","target":["https:\/\/albhomecare.com\/employment\/"]}]},{"@type":"ImageObject","inLanguage":"es","@id":"https:\/\/albhomecare.com\/employment\/#primaryimage","url":"https:\/\/albhomecare.com\/wp-content\/uploads\/2024\/08\/medical-team.png","contentUrl":"https:\/\/albhomecare.com\/wp-content\/uploads\/2024\/08\/medical-team.png"},{"@type":"BreadcrumbList","@id":"https:\/\/albhomecare.com\/employment\/#breadcrumb","itemListElement":[{"@type":"ListItem","position":1,"name":"Home","item":"https:\/\/albhomecare.com\/"},{"@type":"ListItem","position":2,"name":"Employment"}]},{"@type":"WebSite","@id":"https:\/\/albhomecare.com\/#website","url":"https:\/\/albhomecare.com\/","name":"Caring for Loved Ones Together!","description":"","potentialAction":[{"@type":"SearchAction","target":{"@type":"EntryPoint","urlTemplate":"https:\/\/albhomecare.com\/?s={search_term_string}"},"query-input":{"@type":"PropertyValueSpecification","valueRequired":true,"valueName":"search_term_string"}}],"inLanguage":"es"}]}},"_links":{"self":[{"href":"https:\/\/albhomecare.com\/es\/wp-json\/wp\/v2\/pages\/12"}],"collection":[{"href":"https:\/\/albhomecare.com\/es\/wp-json\/wp\/v2\/pages"}],"about":[{"href":"https:\/\/albhomecare.com\/es\/wp-json\/wp\/v2\/types\/page"}],"author":[{"embeddable":true,"href":"https:\/\/albhomecare.com\/es\/wp-json\/wp\/v2\/users\/1"}],"replies":[{"embeddable":true,"href":"https:\/\/albhomecare.com\/es\/wp-json\/wp\/v2\/comments?post=12"}],"version-history":[{"count":31,"href":"https:\/\/albhomecare.com\/es\/wp-json\/wp\/v2\/pages\/12\/revisions"}],"predecessor-version":[{"id":720,"href":"https:\/\/albhomecare.com\/es\/wp-json\/wp\/v2\/pages\/12\/revisions\/720"}],"wp:attachment":[{"href":"https:\/\/albhomecare.com\/es\/wp-json\/wp\/v2\/media?parent=12"}],"curies":[{"name":"wp","href":"https:\/\/api.w.org\/{rel}","templated":true}]}}