{"id":11,"date":"2024-08-29T17:21:19","date_gmt":"2024-08-29T17:21:19","guid":{"rendered":"https:\/\/albhomecare.com\/?page_id=11"},"modified":"2024-09-05T20:20:15","modified_gmt":"2024-09-05T20:20:15","slug":"resources","status":"publish","type":"page","link":"https:\/\/albhomecare.com\/sq\/resources\/","title":{"rendered":"Burimet"},"content":{"rendered":"<div data-elementor-type=\"wp-page\" data-elementor-id=\"11\" class=\"elementor elementor-11\" data-elementor-post-type=\"page\">\n\t\t\t\t<div class=\"elementor-element elementor-element-ed61e29 e-flex e-con-boxed e-con e-parent\" data-id=\"ed61e29\" data-element_type=\"container\" data-settings=\"{&quot;background_background&quot;:&quot;classic&quot;}\">\n\t\t\t\t\t<div class=\"e-con-inner\">\n\t\t<div class=\"elementor-element elementor-element-7a6a8db e-con-full e-flex e-con e-child\" data-id=\"7a6a8db\" data-element_type=\"container\">\n\t\t\t\t<div class=\"elementor-element elementor-element-9383da0 elementor-widget elementor-widget-heading\" data-id=\"9383da0\" data-element_type=\"widget\" data-widget_type=\"heading.default\">\n\t\t\t\t<div class=\"elementor-widget-container\">\n\t\t\t<h1 class=\"elementor-heading-title elementor-size-default\">Burimet\n<\/h1>\t\t<\/div>\n\t\t\t\t<\/div>\n\t\t\t\t<div class=\"elementor-element elementor-element-b99d18a elementor-widget-divider--view-line elementor-widget elementor-widget-divider\" data-id=\"b99d18a\" data-element_type=\"widget\" data-widget_type=\"divider.default\">\n\t\t\t\t<div class=\"elementor-widget-container\">\n\t\t\t\t\t<div class=\"elementor-divider\">\n\t\t\t<span class=\"elementor-divider-separator\">\n\t\t\t\t\t\t<\/span>\n\t\t<\/div>\n\t\t\t\t<\/div>\n\t\t\t\t<\/div>\n\t\t\t\t<div class=\"elementor-element elementor-element-c5c413d elementor-align-center elementor-widget elementor-widget-breadcrumbs\" data-id=\"c5c413d\" data-element_type=\"widget\" data-widget_type=\"breadcrumbs.default\">\n\t\t\t\t<div class=\"elementor-widget-container\">\n\t\t\t<p id=\"breadcrumbs\"><span><span><a href=\"https:\/\/albhomecare.com\/sq\/\">Sht\u00ebpi<\/a><\/span><\/span><\/p>\t\t<\/div>\n\t\t\t\t<\/div>\n\t\t\t\t<\/div>\n\t\t\t\t\t<\/div>\n\t\t\t\t<\/div>\n\t\t<div class=\"elementor-element elementor-element-a78545e e-flex e-con-boxed e-con e-parent\" data-id=\"a78545e\" data-element_type=\"container\">\n\t\t\t\t\t<div class=\"e-con-inner\">\n\t\t\t\t<div class=\"elementor-element elementor-element-f645c31 premium-blog-align-left elementor-widget elementor-widget-premium-addon-blog\" data-id=\"f645c31\" data-element_type=\"widget\" data-settings=\"{&quot;premium_blog_columns_number&quot;:&quot;33.33%&quot;,&quot;premium_blog_grid&quot;:&quot;yes&quot;,&quot;premium_blog_layout&quot;:&quot;even&quot;,&quot;premium_blog_columns_number_tablet&quot;:&quot;50%&quot;,&quot;premium_blog_columns_number_mobile&quot;:&quot;100%&quot;}\" data-widget_type=\"premium-addon-blog.default\">\n\t\t\t\t<div class=\"elementor-widget-container\">\n\t\t\t\r\n\t\t\t\t<div class=\"premium-blog-wrap  premium-blog-even\" data-page=\"11\">\r\n\t\t\t\t\t<div class=\"premium-blog-post-outer-container\" data-total=\"1\">\n\t\t\t<div class=\"premium-blog-post-container premium-blog-skin-modern\">\n\t\t\t\t\t\t\t\t\t<div class=\"premium-blog-thumb-effect-wrapper\">\n\t\t\t\t\t\t<div class=\"premium-blog-thumbnail-container premium-blog-zoomin-effect\">\n\t\t\t\t\t\t\t\t\t\t\t<a href=\"https:\/\/albhomecare.com\/sq\/lorem-ipsum-dolor-sit-amet-3\/\" target=\"_blank\">\n\t\t\t\t<img fetchpriority=\"high\" decoding=\"async\" width=\"2000\" height=\"1351\" src=\"https:\/\/albhomecare.com\/wp-content\/uploads\/2024\/08\/1b3d539d-b747-43a1-a629-4614d8349941.jpeg\" class=\"attachment-full size-full wp-image-101\" alt=\"\" srcset=\"https:\/\/albhomecare.com\/wp-content\/uploads\/2024\/08\/1b3d539d-b747-43a1-a629-4614d8349941.jpeg 2000w, https:\/\/albhomecare.com\/wp-content\/uploads\/2024\/08\/1b3d539d-b747-43a1-a629-4614d8349941-300x203.jpeg 300w, https:\/\/albhomecare.com\/wp-content\/uploads\/2024\/08\/1b3d539d-b747-43a1-a629-4614d8349941-1024x692.jpeg 1024w, https:\/\/albhomecare.com\/wp-content\/uploads\/2024\/08\/1b3d539d-b747-43a1-a629-4614d8349941-768x519.jpeg 768w, https:\/\/albhomecare.com\/wp-content\/uploads\/2024\/08\/1b3d539d-b747-43a1-a629-4614d8349941-1536x1038.jpeg 1536w\" sizes=\"(max-width: 2000px) 100vw, 2000px\" \/>\t\t\t\t<\/a>\n\t\t\t\t\t\t\t\t\t\t<\/div>\n\t\t\t\t\t\t\t\t\t\t\t\t\t<div class=\"premium-blog-effect-container premium-blog-framed-effect\">\n\t\t\t\t\t\t\t\t<a class=\"premium-blog-post-link\" href=\"https:\/\/albhomecare.com\/sq\/lorem-ipsum-dolor-sit-amet-3\/\" target=\"_blank\"><span>Lorem ipsum dolor sit amet<\/span><\/a>\n\t\t\t\t\t\t\t\t\t\t\t\t\t\t\t<\/div>\n\t\t\t\t\t\t\t\t\t\t\t<\/div>\n\t\t\t\t\t\t\t\t\t\t\t\t<div class=\"premium-blog-content-wrapper\">\n\n\t\t\t\t\t<div class=\"premium-blog-inner-container\">\n\n\t\t\t\t\t\t\t\t\t\t\t\t\t\t<h2 class=\"premium-blog-entry-title\">\n\t\t\t<a href=\"https:\/\/albhomecare.com\/sq\/lorem-ipsum-dolor-sit-amet-3\/\" target=\"_blank\">\n\t\t\t\tLorem ipsum dolor sit amet\t\t\t<\/a>\n\t\t<\/h2>\n\t\t\t\t<div class=\"premium-blog-entry-meta\">\n\t\t\t\t\t\t\t<div class=\"premium-blog-post-author premium-blog-meta-data\">\n\t\t\t\t\t<i class=\"fa fa-user fa-fw\" aria-hidden=\"true\"><\/i>\n\t\t\t\t\t<a href=\"https:\/\/albhomecare.com\/sq\/author\/a_hatiahotmail-com\/\" title=\"Postime nga a_hatia@hotmail.com\" rel=\"author\">a_hatia@hotmail.com<\/a>\t\t\t\t<\/div>\n\t\t\t\n\t\t\t\t\t\t\t<span class=\"premium-blog-meta-separator\">\u2022<\/span>\n\t\t\t\t<div class=\"premium-blog-post-time premium-blog-meta-data\">\n\t\t\t\t\t<i class=\"fa fa-calendar-alt\" aria-hidden=\"true\"><\/i>\n\t\t\t\t\t<span>29 Gusht, 2024<\/span>\n\t\t\t\t<\/div>\n\t\t\t\n\t\t\t\t\t\t\t<span class=\"premium-blog-meta-separator\">\u2022<\/span>\n\t\t\t\t<div class=\"premium-blog-post-categories premium-blog-meta-data\">\n\t\t\t\t\t<i class=\"fa fa-align-left fa-fw\" aria-hidden=\"true\"><\/i>\n\t\t\t\t\t<a href=\"https:\/\/albhomecare.com\/sq\/category\/uncategorized\/\" rel=\"category tag\">E pakategorizuar<\/a>\t\t\t\t<\/div>\n\t\t\t\n\t\t\t\t\t\t\t<span class=\"premium-blog-meta-separator\">\u2022<\/span>\n\t\t\t\t<div class=\"premium-blog-post-comments premium-blog-meta-data\">\n\t\t\t\t\t<i class=\"fa fa-comments-o fa-fw\" aria-hidden=\"true\"><\/i>\n\t\t\t\t\t<a href=\"https:\/\/albhomecare.com\/sq\/lorem-ipsum-dolor-sit-amet-3\/#respond\">No Comments<\/a>\t\t\t\t<\/div>\n\t\t\t\t\t<\/div>\n\t\t\n\t\t\t\t\t<\/div>\n\n\t\t\t\t\t\t\t<div class=\"premium-blog-content-inner-wrapper\">\n\t\t<p class=\"premium-blog-post-content\">Lorem ipsum dolor sit amet, consectetur adipiscing elit, sed do eiusmod tempor incididunt ut labore et dolore magna aliqua. P\u00ebr t\u00eb reklamuar\u2026<\/p>\t\t<\/div>\n\t\t\t\t\t\t\t\n\t\t\t\t<\/div>\n\t\t\t<\/div>\n\t\t<\/div>\n\n\t\t\t\t<div class=\"premium-blog-post-outer-container\" data-total=\"1\">\n\t\t\t<div class=\"premium-blog-post-container premium-blog-skin-modern\">\n\t\t\t\t\t\t\t\t\t<div class=\"premium-blog-thumb-effect-wrapper\">\n\t\t\t\t\t\t<div class=\"premium-blog-thumbnail-container premium-blog-zoomin-effect\">\n\t\t\t\t\t\t\t\t\t\t\t<a href=\"https:\/\/albhomecare.com\/sq\/lorem-ipsum-dolor-sit-amet-2\/\" target=\"_blank\">\n\t\t\t\t<img decoding=\"async\" width=\"2000\" height=\"1351\" src=\"https:\/\/albhomecare.com\/wp-content\/uploads\/2024\/08\/dfa286f1-f692-4733-9eb3-4b7be307a03a.jpeg\" class=\"attachment-full size-full wp-image-99\" alt=\"\" srcset=\"https:\/\/albhomecare.com\/wp-content\/uploads\/2024\/08\/dfa286f1-f692-4733-9eb3-4b7be307a03a.jpeg 2000w, https:\/\/albhomecare.com\/wp-content\/uploads\/2024\/08\/dfa286f1-f692-4733-9eb3-4b7be307a03a-300x203.jpeg 300w, https:\/\/albhomecare.com\/wp-content\/uploads\/2024\/08\/dfa286f1-f692-4733-9eb3-4b7be307a03a-1024x692.jpeg 1024w, https:\/\/albhomecare.com\/wp-content\/uploads\/2024\/08\/dfa286f1-f692-4733-9eb3-4b7be307a03a-768x519.jpeg 768w, https:\/\/albhomecare.com\/wp-content\/uploads\/2024\/08\/dfa286f1-f692-4733-9eb3-4b7be307a03a-1536x1038.jpeg 1536w\" sizes=\"(max-width: 2000px) 100vw, 2000px\" \/>\t\t\t\t<\/a>\n\t\t\t\t\t\t\t\t\t\t<\/div>\n\t\t\t\t\t\t\t\t\t\t\t\t\t<div class=\"premium-blog-effect-container premium-blog-framed-effect\">\n\t\t\t\t\t\t\t\t<a class=\"premium-blog-post-link\" href=\"https:\/\/albhomecare.com\/sq\/lorem-ipsum-dolor-sit-amet-2\/\" target=\"_blank\"><span>Lorem ipsum dolor sit amet<\/span><\/a>\n\t\t\t\t\t\t\t\t\t\t\t\t\t\t\t<\/div>\n\t\t\t\t\t\t\t\t\t\t\t<\/div>\n\t\t\t\t\t\t\t\t\t\t\t\t<div class=\"premium-blog-content-wrapper\">\n\n\t\t\t\t\t<div class=\"premium-blog-inner-container\">\n\n\t\t\t\t\t\t\t\t\t\t\t\t\t\t<h2 class=\"premium-blog-entry-title\">\n\t\t\t<a href=\"https:\/\/albhomecare.com\/sq\/lorem-ipsum-dolor-sit-amet-2\/\" target=\"_blank\">\n\t\t\t\tLorem ipsum dolor sit amet\t\t\t<\/a>\n\t\t<\/h2>\n\t\t\t\t<div class=\"premium-blog-entry-meta\">\n\t\t\t\t\t\t\t<div class=\"premium-blog-post-author premium-blog-meta-data\">\n\t\t\t\t\t<i class=\"fa fa-user fa-fw\" aria-hidden=\"true\"><\/i>\n\t\t\t\t\t<a href=\"https:\/\/albhomecare.com\/sq\/author\/a_hatiahotmail-com\/\" title=\"Postime nga a_hatia@hotmail.com\" rel=\"author\">a_hatia@hotmail.com<\/a>\t\t\t\t<\/div>\n\t\t\t\n\t\t\t\t\t\t\t<span class=\"premium-blog-meta-separator\">\u2022<\/span>\n\t\t\t\t<div class=\"premium-blog-post-time premium-blog-meta-data\">\n\t\t\t\t\t<i class=\"fa fa-calendar-alt\" aria-hidden=\"true\"><\/i>\n\t\t\t\t\t<span>29 Gusht, 2024<\/span>\n\t\t\t\t<\/div>\n\t\t\t\n\t\t\t\t\t\t\t<span class=\"premium-blog-meta-separator\">\u2022<\/span>\n\t\t\t\t<div class=\"premium-blog-post-categories premium-blog-meta-data\">\n\t\t\t\t\t<i class=\"fa fa-align-left fa-fw\" aria-hidden=\"true\"><\/i>\n\t\t\t\t\t<a href=\"https:\/\/albhomecare.com\/sq\/category\/uncategorized\/\" rel=\"category tag\">E pakategorizuar<\/a>\t\t\t\t<\/div>\n\t\t\t\n\t\t\t\t\t\t\t<span class=\"premium-blog-meta-separator\">\u2022<\/span>\n\t\t\t\t<div class=\"premium-blog-post-comments premium-blog-meta-data\">\n\t\t\t\t\t<i class=\"fa fa-comments-o fa-fw\" aria-hidden=\"true\"><\/i>\n\t\t\t\t\t<a href=\"https:\/\/albhomecare.com\/sq\/lorem-ipsum-dolor-sit-amet-2\/#respond\">No Comments<\/a>\t\t\t\t<\/div>\n\t\t\t\t\t<\/div>\n\t\t\n\t\t\t\t\t<\/div>\n\n\t\t\t\t\t\t\t<div class=\"premium-blog-content-inner-wrapper\">\n\t\t<p class=\"premium-blog-post-content\">Lorem ipsum dolor sit amet, consectetur adipiscing elit, sed do eiusmod tempor incididunt ut labore et dolore magna aliqua. P\u00ebr t\u00eb reklamuar\u2026<\/p>\t\t<\/div>\n\t\t\t\t\t\t\t\n\t\t\t\t<\/div>\n\t\t\t<\/div>\n\t\t<\/div>\n\n\t\t\t\t<div class=\"premium-blog-post-outer-container\" data-total=\"1\">\n\t\t\t<div class=\"premium-blog-post-container premium-blog-skin-modern\">\n\t\t\t\t\t\t\t\t\t<div class=\"premium-blog-thumb-effect-wrapper\">\n\t\t\t\t\t\t<div class=\"premium-blog-thumbnail-container premium-blog-zoomin-effect\">\n\t\t\t\t\t\t\t\t\t\t\t<a href=\"https:\/\/albhomecare.com\/sq\/lorem-ipsum-dolor-sit-amet\/\" target=\"_blank\">\n\t\t\t\t<img decoding=\"async\" width=\"2000\" height=\"1351\" src=\"https:\/\/albhomecare.com\/wp-content\/uploads\/2024\/08\/48fada73-b96f-4369-a224-4b074cf9ab70.jpeg\" class=\"attachment-full size-full wp-image-98\" alt=\"\" srcset=\"https:\/\/albhomecare.com\/wp-content\/uploads\/2024\/08\/48fada73-b96f-4369-a224-4b074cf9ab70.jpeg 2000w, https:\/\/albhomecare.com\/wp-content\/uploads\/2024\/08\/48fada73-b96f-4369-a224-4b074cf9ab70-300x203.jpeg 300w, https:\/\/albhomecare.com\/wp-content\/uploads\/2024\/08\/48fada73-b96f-4369-a224-4b074cf9ab70-1024x692.jpeg 1024w, https:\/\/albhomecare.com\/wp-content\/uploads\/2024\/08\/48fada73-b96f-4369-a224-4b074cf9ab70-768x519.jpeg 768w, https:\/\/albhomecare.com\/wp-content\/uploads\/2024\/08\/48fada73-b96f-4369-a224-4b074cf9ab70-1536x1038.jpeg 1536w\" sizes=\"(max-width: 2000px) 100vw, 2000px\" \/>\t\t\t\t<\/a>\n\t\t\t\t\t\t\t\t\t\t<\/div>\n\t\t\t\t\t\t\t\t\t\t\t\t\t<div class=\"premium-blog-effect-container premium-blog-framed-effect\">\n\t\t\t\t\t\t\t\t<a class=\"premium-blog-post-link\" href=\"https:\/\/albhomecare.com\/sq\/lorem-ipsum-dolor-sit-amet\/\" target=\"_blank\"><span>Lorem ipsum dolor sit amet<\/span><\/a>\n\t\t\t\t\t\t\t\t\t\t\t\t\t\t\t<\/div>\n\t\t\t\t\t\t\t\t\t\t\t<\/div>\n\t\t\t\t\t\t\t\t\t\t\t\t<div class=\"premium-blog-content-wrapper\">\n\n\t\t\t\t\t<div class=\"premium-blog-inner-container\">\n\n\t\t\t\t\t\t\t\t\t\t\t\t\t\t<h2 class=\"premium-blog-entry-title\">\n\t\t\t<a href=\"https:\/\/albhomecare.com\/sq\/lorem-ipsum-dolor-sit-amet\/\" target=\"_blank\">\n\t\t\t\tLorem ipsum dolor sit amet\t\t\t<\/a>\n\t\t<\/h2>\n\t\t\t\t<div class=\"premium-blog-entry-meta\">\n\t\t\t\t\t\t\t<div class=\"premium-blog-post-author premium-blog-meta-data\">\n\t\t\t\t\t<i class=\"fa fa-user fa-fw\" aria-hidden=\"true\"><\/i>\n\t\t\t\t\t<a href=\"https:\/\/albhomecare.com\/sq\/author\/a_hatiahotmail-com\/\" title=\"Postime nga a_hatia@hotmail.com\" rel=\"author\">a_hatia@hotmail.com<\/a>\t\t\t\t<\/div>\n\t\t\t\n\t\t\t\t\t\t\t<span class=\"premium-blog-meta-separator\">\u2022<\/span>\n\t\t\t\t<div class=\"premium-blog-post-time premium-blog-meta-data\">\n\t\t\t\t\t<i class=\"fa fa-calendar-alt\" aria-hidden=\"true\"><\/i>\n\t\t\t\t\t<span>29 Gusht, 2024<\/span>\n\t\t\t\t<\/div>\n\t\t\t\n\t\t\t\t\t\t\t<span class=\"premium-blog-meta-separator\">\u2022<\/span>\n\t\t\t\t<div class=\"premium-blog-post-categories premium-blog-meta-data\">\n\t\t\t\t\t<i class=\"fa fa-align-left fa-fw\" aria-hidden=\"true\"><\/i>\n\t\t\t\t\t<a href=\"https:\/\/albhomecare.com\/sq\/category\/uncategorized\/\" rel=\"category tag\">E pakategorizuar<\/a>\t\t\t\t<\/div>\n\t\t\t\n\t\t\t\t\t\t\t<span class=\"premium-blog-meta-separator\">\u2022<\/span>\n\t\t\t\t<div class=\"premium-blog-post-comments premium-blog-meta-data\">\n\t\t\t\t\t<i class=\"fa fa-comments-o fa-fw\" aria-hidden=\"true\"><\/i>\n\t\t\t\t\t<a href=\"https:\/\/albhomecare.com\/sq\/lorem-ipsum-dolor-sit-amet\/#respond\">No Comments<\/a>\t\t\t\t<\/div>\n\t\t\t\t\t<\/div>\n\t\t\n\t\t\t\t\t<\/div>\n\n\t\t\t\t\t\t\t<div class=\"premium-blog-content-inner-wrapper\">\n\t\t<p class=\"premium-blog-post-content\">Lorem ipsum dolor sit amet, consectetur adipiscing elit, sed do eiusmod tempor incididunt ut labore et dolore magna aliqua. P\u00ebr t\u00eb reklamuar\u2026<\/p>\t\t<\/div>\n\t\t\t\t\t\t\t\n\t\t\t\t<\/div>\n\t\t\t<\/div>\n\t\t<\/div>\n\n\t\t\t\t<\/div>\r\n\r\n\t\t\t\t<\/div>\n\t\t\t\t<\/div>\n\t\t\t\t\t<\/div>\n\t\t\t\t<\/div>\n\t\t\t\t<\/div>","protected":false},"excerpt":{"rendered":"<p>Burimet Lorem ipsum dolor sit amet Lorem ipsum dolor sit amet a_hatia@hotmail.com \u2022 29 gusht 2024 \u2022 E pakategorizuar \u2022 Nuk ka komente Lorem ipsum dolor sit amet, consectetur adipiscing elit, sed do eiusmod tempor incididunt ut dolalieet ut doloreeet. P\u00ebr m\u00eb tep\u00ebr \u2026 Lorem ipsum dolor sit amet Lorem ipsum dolor sit amet a_hatia@hotmail.com [...]<\/p>","protected":false},"author":1,"featured_media":0,"parent":0,"menu_order":0,"comment_status":"closed","ping_status":"closed","template":"elementor_header_footer","meta":{"footnotes":""},"class_list":["post-11","page","type-page","status-publish","hentry"],"yoast_head":"<!-- This site is optimized with the Yoast SEO plugin v23.4 - https:\/\/yoast.com\/wordpress\/plugins\/seo\/ -->\n<title>Resources - Caring for Loved Ones Together!<\/title>\n<meta name=\"robots\" content=\"index, follow, max-snippet:-1, max-image-preview:large, max-video-preview:-1\" \/>\n<link rel=\"canonical\" href=\"https:\/\/albhomecare.com\/sq\/resources\/\" \/>\n<meta property=\"og:locale\" content=\"sq_AL\" \/>\n<meta property=\"og:type\" content=\"article\" \/>\n<meta property=\"og:title\" content=\"Resources - Caring for Loved Ones Together!\" \/>\n<meta property=\"og:description\" content=\"Resources Lorem ipsum dolor sit amet Lorem ipsum dolor sit amet a_hatia@hotmail.com \u2022 August 29, 2024 \u2022 Uncategorized \u2022 No Comments Lorem ipsum dolor sit amet, consectetur adipiscing elit, sed do eiusmod tempor incididunt ut labore et dolore magna aliqua. Ut enim ad \u2026 Lorem ipsum dolor sit amet Lorem ipsum dolor sit amet a_hatia@hotmail.com [&hellip;]\" \/>\n<meta property=\"og:url\" content=\"https:\/\/albhomecare.com\/sq\/resources\/\" \/>\n<meta property=\"og:site_name\" content=\"Caring for Loved Ones Together!\" \/>\n<meta property=\"article:modified_time\" content=\"2024-09-05T20:20:15+00:00\" \/>\n<meta property=\"og:image\" content=\"https:\/\/albhomecare.com\/wp-content\/uploads\/2024\/08\/1b3d539d-b747-43a1-a629-4614d8349941.jpeg\" \/>\n<meta name=\"twitter:card\" content=\"summary_large_image\" \/>\n<meta name=\"twitter:label1\" content=\"Est. reading time\" \/>\n\t<meta name=\"twitter:data1\" content=\"2 minuta\" \/>\n<script type=\"application\/ld+json\" class=\"yoast-schema-graph\">{\"@context\":\"https:\/\/schema.org\",\"@graph\":[{\"@type\":\"WebPage\",\"@id\":\"https:\/\/albhomecare.com\/resources\/\",\"url\":\"https:\/\/albhomecare.com\/resources\/\",\"name\":\"Resources - Caring for Loved Ones Together!\",\"isPartOf\":{\"@id\":\"https:\/\/albhomecare.com\/#website\"},\"primaryImageOfPage\":{\"@id\":\"https:\/\/albhomecare.com\/resources\/#primaryimage\"},\"image\":{\"@id\":\"https:\/\/albhomecare.com\/resources\/#primaryimage\"},\"thumbnailUrl\":\"https:\/\/albhomecare.com\/wp-content\/uploads\/2024\/08\/1b3d539d-b747-43a1-a629-4614d8349941.jpeg\",\"datePublished\":\"2024-08-29T17:21:19+00:00\",\"dateModified\":\"2024-09-05T20:20:15+00:00\",\"breadcrumb\":{\"@id\":\"https:\/\/albhomecare.com\/resources\/#breadcrumb\"},\"inLanguage\":\"sq\",\"potentialAction\":[{\"@type\":\"ReadAction\",\"target\":[\"https:\/\/albhomecare.com\/resources\/\"]}]},{\"@type\":\"ImageObject\",\"inLanguage\":\"sq\",\"@id\":\"https:\/\/albhomecare.com\/resources\/#primaryimage\",\"url\":\"https:\/\/albhomecare.com\/wp-content\/uploads\/2024\/08\/1b3d539d-b747-43a1-a629-4614d8349941.jpeg\",\"contentUrl\":\"https:\/\/albhomecare.com\/wp-content\/uploads\/2024\/08\/1b3d539d-b747-43a1-a629-4614d8349941.jpeg\"},{\"@type\":\"BreadcrumbList\",\"@id\":\"https:\/\/albhomecare.com\/resources\/#breadcrumb\",\"itemListElement\":[{\"@type\":\"ListItem\",\"position\":1,\"name\":\"Home\",\"item\":\"https:\/\/albhomecare.com\/\"},{\"@type\":\"ListItem\",\"position\":2,\"name\":\"Resources\"}]},{\"@type\":\"WebSite\",\"@id\":\"https:\/\/albhomecare.com\/#website\",\"url\":\"https:\/\/albhomecare.com\/\",\"name\":\"Caring for Loved Ones Together!\",\"description\":\"\",\"potentialAction\":[{\"@type\":\"SearchAction\",\"target\":{\"@type\":\"EntryPoint\",\"urlTemplate\":\"https:\/\/albhomecare.com\/?s={search_term_string}\"},\"query-input\":{\"@type\":\"PropertyValueSpecification\",\"valueRequired\":true,\"valueName\":\"search_term_string\"}}],\"inLanguage\":\"sq\"}]}<\/script>\n<!-- \/ Yoast SEO plugin. -->","yoast_head_json":{"title":"Resources - Caring for Loved Ones Together!","robots":{"index":"index","follow":"follow","max-snippet":"max-snippet:-1","max-image-preview":"max-image-preview:large","max-video-preview":"max-video-preview:-1"},"canonical":"https:\/\/albhomecare.com\/sq\/resources\/","og_locale":"sq_AL","og_type":"article","og_title":"Resources - Caring for Loved Ones Together!","og_description":"Resources Lorem ipsum dolor sit amet Lorem ipsum dolor sit amet a_hatia@hotmail.com \u2022 August 29, 2024 \u2022 Uncategorized \u2022 No Comments Lorem ipsum dolor sit amet, consectetur adipiscing elit, sed do eiusmod tempor incididunt ut labore et dolore magna aliqua. Ut enim ad \u2026 Lorem ipsum dolor sit amet Lorem ipsum dolor sit amet a_hatia@hotmail.com [&hellip;]","og_url":"https:\/\/albhomecare.com\/sq\/resources\/","og_site_name":"Caring for Loved Ones Together!","article_modified_time":"2024-09-05T20:20:15+00:00","og_image":[{"url":"https:\/\/albhomecare.com\/wp-content\/uploads\/2024\/08\/1b3d539d-b747-43a1-a629-4614d8349941.jpeg"}],"twitter_card":"summary_large_image","twitter_misc":{"Est. reading time":"2 minuta"},"schema":{"@context":"https:\/\/schema.org","@graph":[{"@type":"WebPage","@id":"https:\/\/albhomecare.com\/resources\/","url":"https:\/\/albhomecare.com\/resources\/","name":"Resources - Caring for Loved Ones Together!","isPartOf":{"@id":"https:\/\/albhomecare.com\/#website"},"primaryImageOfPage":{"@id":"https:\/\/albhomecare.com\/resources\/#primaryimage"},"image":{"@id":"https:\/\/albhomecare.com\/resources\/#primaryimage"},"thumbnailUrl":"https:\/\/albhomecare.com\/wp-content\/uploads\/2024\/08\/1b3d539d-b747-43a1-a629-4614d8349941.jpeg","datePublished":"2024-08-29T17:21:19+00:00","dateModified":"2024-09-05T20:20:15+00:00","breadcrumb":{"@id":"https:\/\/albhomecare.com\/resources\/#breadcrumb"},"inLanguage":"sq","potentialAction":[{"@type":"ReadAction","target":["https:\/\/albhomecare.com\/resources\/"]}]},{"@type":"ImageObject","inLanguage":"sq","@id":"https:\/\/albhomecare.com\/resources\/#primaryimage","url":"https:\/\/albhomecare.com\/wp-content\/uploads\/2024\/08\/1b3d539d-b747-43a1-a629-4614d8349941.jpeg","contentUrl":"https:\/\/albhomecare.com\/wp-content\/uploads\/2024\/08\/1b3d539d-b747-43a1-a629-4614d8349941.jpeg"},{"@type":"BreadcrumbList","@id":"https:\/\/albhomecare.com\/resources\/#breadcrumb","itemListElement":[{"@type":"ListItem","position":1,"name":"Home","item":"https:\/\/albhomecare.com\/"},{"@type":"ListItem","position":2,"name":"Resources"}]},{"@type":"WebSite","@id":"https:\/\/albhomecare.com\/#website","url":"https:\/\/albhomecare.com\/","name":"Caring for Loved Ones Together!","description":"","potentialAction":[{"@type":"SearchAction","target":{"@type":"EntryPoint","urlTemplate":"https:\/\/albhomecare.com\/?s={search_term_string}"},"query-input":{"@type":"PropertyValueSpecification","valueRequired":true,"valueName":"search_term_string"}}],"inLanguage":"sq"}]}},"_links":{"self":[{"href":"https:\/\/albhomecare.com\/sq\/wp-json\/wp\/v2\/pages\/11"}],"collection":[{"href":"https:\/\/albhomecare.com\/sq\/wp-json\/wp\/v2\/pages"}],"about":[{"href":"https:\/\/albhomecare.com\/sq\/wp-json\/wp\/v2\/types\/page"}],"author":[{"embeddable":true,"href":"https:\/\/albhomecare.com\/sq\/wp-json\/wp\/v2\/users\/1"}],"replies":[{"embeddable":true,"href":"https:\/\/albhomecare.com\/sq\/wp-json\/wp\/v2\/comments?post=11"}],"version-history":[{"count":19,"href":"https:\/\/albhomecare.com\/sq\/wp-json\/wp\/v2\/pages\/11\/revisions"}],"predecessor-version":[{"id":319,"href":"https:\/\/albhomecare.com\/sq\/wp-json\/wp\/v2\/pages\/11\/revisions\/319"}],"wp:attachment":[{"href":"https:\/\/albhomecare.com\/sq\/wp-json\/wp\/v2\/media?parent=11"}],"curies":[{"name":"wp","href":"https:\/\/api.w.org\/{rel}","templated":true}]}}