{"id":337,"date":"2024-09-05T20:36:40","date_gmt":"2024-09-05T20:36:40","guid":{"rendered":"https:\/\/albhomecare.com\/?page_id=337"},"modified":"2024-09-05T20:46:54","modified_gmt":"2024-09-05T20:46:54","slug":"make-an-enquiry","status":"publish","type":"page","link":"https:\/\/albhomecare.com\/tr\/make-an-enquiry\/","title":{"rendered":"Bir Soru\u015fturma Yap\u0131n"},"content":{"rendered":"<div data-elementor-type=\"wp-page\" data-elementor-id=\"337\" class=\"elementor elementor-337\" data-elementor-post-type=\"page\">\n\t\t\t\t<div class=\"elementor-element elementor-element-909aa72 e-flex e-con-boxed e-con e-parent\" data-id=\"909aa72\" data-element_type=\"container\" data-settings=\"{&quot;background_background&quot;:&quot;classic&quot;}\">\n\t\t\t\t\t<div class=\"e-con-inner\">\n\t\t<div class=\"elementor-element elementor-element-fb6298f e-con-full e-flex e-con e-child\" data-id=\"fb6298f\" data-element_type=\"container\">\n\t\t\t\t<div class=\"elementor-element elementor-element-de27c16 elementor-widget elementor-widget-heading\" data-id=\"de27c16\" data-element_type=\"widget\" data-widget_type=\"heading.default\">\n\t\t\t\t<div class=\"elementor-widget-container\">\n\t\t\t<h1 class=\"elementor-heading-title elementor-size-default\">Bir Soru\u015fturma Yap\u0131n\n<\/h1>\t\t<\/div>\n\t\t\t\t<\/div>\n\t\t\t\t<div class=\"elementor-element elementor-element-dbdf93f elementor-widget-divider--view-line elementor-widget elementor-widget-divider\" data-id=\"dbdf93f\" data-element_type=\"widget\" data-widget_type=\"divider.default\">\n\t\t\t\t<div class=\"elementor-widget-container\">\n\t\t\t\t\t<div class=\"elementor-divider\">\n\t\t\t<span class=\"elementor-divider-separator\">\n\t\t\t\t\t\t<\/span>\n\t\t<\/div>\n\t\t\t\t<\/div>\n\t\t\t\t<\/div>\n\t\t\t\t<div class=\"elementor-element elementor-element-5911a6b elementor-align-center elementor-widget elementor-widget-breadcrumbs\" data-id=\"5911a6b\" data-element_type=\"widget\" data-widget_type=\"breadcrumbs.default\">\n\t\t\t\t<div class=\"elementor-widget-container\">\n\t\t\t<p id=\"breadcrumbs\"><span><span><a href=\"https:\/\/albhomecare.com\/tr\/\">Ev<\/a><\/span><\/span><\/p>\t\t<\/div>\n\t\t\t\t<\/div>\n\t\t\t\t<\/div>\n\t\t\t\t\t<\/div>\n\t\t\t\t<\/div>\n\t\t<div class=\"elementor-element elementor-element-740bcb6 e-flex e-con-boxed e-con e-parent\" data-id=\"740bcb6\" data-element_type=\"container\">\n\t\t\t\t\t<div class=\"e-con-inner\">\n\t\t<div class=\"elementor-element elementor-element-267a34e e-con-full e-flex e-con e-child\" data-id=\"267a34e\" data-element_type=\"container\" data-settings=\"{&quot;background_background&quot;:&quot;classic&quot;}\">\n\t\t\t\t<div class=\"elementor-element elementor-element-f35fd86 elementor-widget elementor-widget-spacer\" data-id=\"f35fd86\" data-element_type=\"widget\" data-widget_type=\"spacer.default\">\n\t\t\t\t<div class=\"elementor-widget-container\">\n\t\t\t\t\t<div class=\"elementor-spacer\">\n\t\t\t<div class=\"elementor-spacer-inner\"><\/div>\n\t\t<\/div>\n\t\t\t\t<\/div>\n\t\t\t\t<\/div>\n\t\t\t\t<\/div>\n\t\t<div class=\"elementor-element elementor-element-9a42fd9 e-con-full e-flex e-con e-child\" data-id=\"9a42fd9\" data-element_type=\"container\">\n\t\t\t\t<div class=\"elementor-element elementor-element-665b288 elementor-widget elementor-widget-heading\" data-id=\"665b288\" data-element_type=\"widget\" data-widget_type=\"heading.default\">\n\t\t\t\t<div class=\"elementor-widget-container\">\n\t\t\t<h2 class=\"elementor-heading-title elementor-size-default\">Muhtemelen uygun durumdas\u0131n\u0131z!\n<\/h2>\t\t<\/div>\n\t\t\t\t<\/div>\n\t\t\t\t<div class=\"elementor-element elementor-element-951425f elementor-widget elementor-widget-text-editor\" data-id=\"951425f\" data-element_type=\"widget\" data-widget_type=\"text-editor.default\">\n\t\t\t\t<div class=\"elementor-widget-container\">\n\t\t\t\t\t\t\tMedicaid'iniz varsa, muhtemelen uygun durumdas\u0131n\u0131zd\u0131r. \u00d6deme ve yard\u0131mlar\u0131 ne kadar \u00e7abuk almaya ba\u015flayabilece\u011finizi g\u00f6rmek i\u00e7in a\u015fa\u011f\u0131daki formu doldurun.\t\t\t\t\t\t<\/div>\n\t\t\t\t<\/div>\n\t\t\t\t<div class=\"elementor-element elementor-element-79f32d3 fluent-form-widget-step-header-yes fluent-form-widget-step-progressbar-yes fluentform-widget-submit-button-custom elementor-widget elementor-widget-fluent-form-widget\" data-id=\"79f32d3\" data-element_type=\"widget\" data-widget_type=\"fluent-form-widget.default\">\n\t\t\t\t<div class=\"elementor-widget-container\">\n\t\t\t\n            <div class=\"fluentform-widget-wrapper fluentform-widget-align-default\">\n\n            \n            <div class='fluentform ff-default fluentform_wrapper_3 ffs_default_wrap'><form data-form_id=\"3\" id=\"fluentform_3\" class=\"frm-fluent-form fluent_form_3 ff-el-form-top ff_form_instance_3_1 ff-form-loading ffs_default\" data-form_instance=\"ff_form_instance_3_1\" method=\"POST\" action=\"\" ><fieldset  style=\"border: none!important;margin: 0!important;padding: 0!important;background-color: transparent!important;box-shadow: none!important;outline: none!important; min-inline-size: 100%;\">\n                    <legend class=\"ff_screen_reader_title\" style=\"display: block; margin: 0!important;padding: 0!important;height: 0!important;text-indent: -999999px;width: 0!important;overflow:hidden;\">Uygunlu\u011fu Kontrol Edin<\/legend><input type='hidden' name='__fluent_form_embded_post_id' value='337' \/><input type=\"hidden\" id=\"_fluentform_3_fluentformnonce\" name=\"_fluentform_3_fluentformnonce\" value=\"2a246d39cb\" \/><input type=\"hidden\" name=\"_wp_http_referer\" value=\"\/tr\/wp-json\/wp\/v2\/pages\/337\" \/><div data-type=\"name-element\" data-name=\"names\" class=\"ff-field_container ff-name-field-wrapper\" ><div class='ff-t-container'><div class='ff-t-cell'><div class='ff-el-group ff-el-form-top'><div class=\"ff-el-input--label ff-el-is-required asterisk-right\"><label for='ff_3_names_first_name_' aria-label=\"\u0130lk \u0130sim\">\u0130lk \u0130sim<\/label><\/div><div class='ff-el-input--content'><input type=\"text\" name=\"names[first_name]\" id=\"ff_3_names_first_name_\" class=\"ff-el-form-control\" placeholder=\"\u0130lk \u0130sim\" aria-invalid=\"false\" aria-required=\"true\"><\/div><\/div><\/div><div class='ff-t-cell'><div class='ff-el-group ff-el-form-top'><div class=\"ff-el-input--label ff-el-is-required asterisk-right\"><label for='ff_3_names_last_name_' aria-label=\"Soyad\u0131\">Soyad\u0131<\/label><\/div><div class='ff-el-input--content'><input type=\"text\" name=\"names[last_name]\" id=\"ff_3_names_last_name_\" class=\"ff-el-form-control\" placeholder=\"Soyad\u0131\" aria-invalid=\"false\" aria-required=\"true\"><\/div><\/div><\/div><\/div><\/div><div data-name=\"ff_cn_id_1\"  class='ff-t-container ff-column-container ff_columns_total_2'><div class='ff-t-cell ff-t-column-1' style='flex-basis: 50%;'><div class='ff-el-group'><div class=\"ff-el-input--label ff-el-is-required asterisk-right\"><label for='ff_3_email' aria-label=\"E-posta\">E-posta<\/label><\/div><div class='ff-el-input--content'><input type=\"email\" name=\"email\" id=\"ff_3_email\" class=\"ff-el-form-control\" placeholder=\"E-posta Adresi\" data-name=\"email\"  aria-invalid=\"false\" aria-required=\"true\"><\/div><\/div><\/div><div class='ff-t-cell ff-t-column-2' style='flex-basis: 50%;'><div class='ff-el-group'><div class=\"ff-el-input--label ff-el-is-required asterisk-right\"><label for='ff_3_input_mask' aria-label=\"Telefon\/Mobil\">Telefon\/Mobil<\/label><\/div><div class='ff-el-input--content'><input type=\"text\" name=\"input_mask\" data-mask=\"(000) 000-0000\" class=\"ff-el-form-control\" placeholder=\"Telefon Numaras\u0131\" data-name=\"input_mask\" id=\"ff_3_input_mask\"  aria-invalid=\"false\" aria-required=\"true\"><\/div><\/div><\/div><\/div><div class='ff-el-group  ff_list_inline'><div class=\"ff-el-input--label ff-el-is-required asterisk-right\"><label  aria-label=\"Hasta siz misiniz?\">Hasta siz misiniz?<\/label><\/div><div class='ff-el-input--content'><div class='ff-el-form-check ff-el-form-check-'><label class='ff-el-form-check-label' for=\"input_radio_a388a382024494ccd8458473d46fe7ba\"><input  type=\"radio\" name=\"input_radio\" data-name=\"input_radio\" class=\"ff-el-form-check-input ff-el-form-check-radio\" value=\"yes\"  id='input_radio_a388a382024494ccd8458473d46fe7ba' aria-label='Evet' aria-invalid='false' aria-required=\"true\"> <span>Evet<\/span><\/label><\/div><div class='ff-el-form-check ff-el-form-check-'><label class='ff-el-form-check-label' for=\"input_radio_71b14baa8738987b0364caa877bc3a26\"><input  type=\"radio\" name=\"input_radio\" data-name=\"input_radio\" class=\"ff-el-form-check-input ff-el-form-check-radio\" value=\"no\"  id='input_radio_71b14baa8738987b0364caa877bc3a26' aria-label='Hay\u0131r' aria-invalid='false' aria-required=\"true\"> <span>Hay\u0131r<\/span><\/label><\/div><\/div><\/div><div class='ff-el-group  ff_list_inline'><div class=\"ff-el-input--label ff-el-is-required asterisk-right\"><label  aria-label=\"Hastan\u0131n Medicaid&#039;i var m\u0131? (Medicare yeterli DE\u011e\u0130LD\u0130R)\">Hastan\u0131n Medicaid'i var m\u0131? (Medicare yeterli DE\u011e\u0130LD\u0130R)<\/label><\/div><div class='ff-el-input--content'><div class='ff-el-form-check ff-el-form-check-'><label class='ff-el-form-check-label' for=\"input_radio_1_9b3aff3b3022119b1f2386717412b309\"><input  type=\"radio\" name=\"input_radio_1\" data-name=\"input_radio_1\" class=\"ff-el-form-check-input ff-el-form-check-radio\" value=\"yes\"  id='input_radio_1_9b3aff3b3022119b1f2386717412b309' aria-label='Evet' aria-invalid='false' aria-required=\"true\"> <span>Evet<\/span><\/label><\/div><div class='ff-el-form-check ff-el-form-check-'><label class='ff-el-form-check-label' for=\"input_radio_1_dfb578abe32d60adda3cf7914191b61c\"><input  type=\"radio\" name=\"input_radio_1\" data-name=\"input_radio_1\" class=\"ff-el-form-check-input ff-el-form-check-radio\" value=\"no\"  id='input_radio_1_dfb578abe32d60adda3cf7914191b61c' aria-label='Hay\u0131r' aria-invalid='false' aria-required=\"true\"> <span>Hay\u0131r<\/span><\/label><\/div><div class='ff-el-form-check ff-el-form-check-'><label class='ff-el-form-check-label' for=\"input_radio_1_f89f5194202d7fc4e2998d1edfb366c3\"><input  type=\"radio\" name=\"input_radio_1\" data-name=\"input_radio_1\" class=\"ff-el-form-check-input ff-el-form-check-radio\" value=\"I don&#039;t know\"  id='input_radio_1_f89f5194202d7fc4e2998d1edfb366c3' aria-label='Bilmiyorum.' aria-invalid='false' aria-required=\"true\"> <span>Bilmiyorum.<\/span><\/label><\/div><\/div><\/div><div class='ff-el-group'><div class='ff-el-input--content'><div class='ff-el-form-check ff-el-form-check-'><label class='ff-el-form-check-label' for=\"checkbox_f91ef730b079cc49f0da4ab437ce2108\"><input  type=\"checkbox\" name=\"checkbox[]\" data-name=\"checkbox\" class=\"ff-el-form-check-input ff-el-form-check-checkbox\" value=\"ALB Home Care may contact me at this number via calls or texts (including through use of an automatic telephone dialing system) to provide information about or to help me enroll with ALB Home Care. Your consent is not required to enroll. Message and data rates may apply.\"  id='checkbox_f91ef730b079cc49f0da4ab437ce2108' aria-label='ALB Home Care, ALB Home Care hakk\u0131nda bilgi vermek veya ALB Home Care&#039;e kaydolmama yard\u0131mc\u0131 olmak i\u00e7in arama veya mesaj yoluyla (otomatik telefon arama sistemi kullan\u0131m\u0131 dahil) bu numaradan benimle ileti\u015fime ge\u00e7ebilir. Kay\u0131t i\u00e7in onay\u0131n\u0131z gerekli de\u011fildir. Mesaj ve veri \u00fccretleri ge\u00e7erli olabilir.' aria-invalid='false' aria-required=\"true\"> <span>ALB Home Care, ALB Home Care hakk\u0131nda bilgi vermek veya ALB Home Care'e kaydolmama yard\u0131mc\u0131 olmak i\u00e7in arama veya mesaj yoluyla (otomatik telefon arama sistemi kullan\u0131m\u0131 dahil) bu numaradan benimle ileti\u015fime ge\u00e7ebilir. Kay\u0131t i\u00e7in onay\u0131n\u0131z gerekli de\u011fildir. Mesaj ve veri \u00fccretleri ge\u00e7erli olabilir.<\/span><\/label><\/div><\/div><\/div><div class='ff-el-group ff-text-left ff_submit_btn_wrapper'><button type=\"submit\" class=\"ff-btn ff-btn-submit ff-btn-md ff_btn_style\" >G\u00f6nder<\/button><\/div><\/fieldset><input type=\"hidden\" name=\"trp-form-language\" value=\"tr\"\/><\/form><div id='fluentform_3_errors' class='ff-errors-in-stack ff_form_instance_3_1 ff-form-loading_errors ff_form_instance_3_1_errors'><\/div><\/div>        <script type=\"text\/javascript\">\n            window.fluent_form_ff_form_instance_3_1 = {\"id\":\"3\",\"settings\":{\"layout\":{\"labelPlacement\":\"top\",\"helpMessagePlacement\":\"with_label\",\"errorMessagePlacement\":\"inline\",\"cssClassName\":\"\",\"asteriskPlacement\":\"asterisk-right\"},\"restrictions\":{\"denyEmptySubmission\":{\"enabled\":false}}},\"form_instance\":\"ff_form_instance_3_1\",\"form_id_selector\":\"fluentform_3\",\"rules\":{\"names[first_name]\":{\"required\":{\"value\":true,\"message\":\"This field is required\",\"global_message\":\"This field is required\",\"global\":true}},\"names[middle_name]\":{\"required\":{\"value\":false,\"message\":\"This field is required\",\"global_message\":\"This field is required\",\"global\":true}},\"names[last_name]\":{\"required\":{\"value\":true,\"message\":\"This field is required\",\"global_message\":\"This field is required\",\"global\":true}},\"email\":{\"required\":{\"value\":true,\"message\":\"This field is required\",\"global_message\":\"This field is required\",\"global\":true},\"email\":{\"value\":true,\"message\":\"This field must contain a valid email\",\"global_message\":\"This field must contain a valid email\",\"global\":true}},\"input_mask\":{\"required\":{\"value\":true,\"message\":\"This field is required\",\"global_message\":\"This field is required\",\"global\":true}},\"input_radio\":{\"required\":{\"value\":true,\"message\":\"This field is required\",\"global_message\":\"This field is required\",\"global\":true}},\"input_radio_1\":{\"required\":{\"value\":true,\"message\":\"This field is required\",\"global_message\":\"This field is required\",\"global\":true}},\"checkbox\":{\"required\":{\"value\":true,\"message\":\"This field is required\",\"global_message\":\"This field is required\",\"global\":true}}},\"conditionals\":{\"names\":{\"type\":\"any\",\"status\":true,\"conditions\":[{\"field\":\"\",\"value\":\"\",\"operator\":\"\"}]}}};\n                    <\/script>\n                    <\/div>\n\n            \t\t<\/div>\n\t\t\t\t<\/div>\n\t\t\t\t<\/div>\n\t\t\t\t\t<\/div>\n\t\t\t\t<\/div>\n\t\t\t\t<\/div>","protected":false},"excerpt":{"rendered":"<p>Make an Enquiry You are likely eligible! If you have Medicaid, you are likely eligible. Complete the form below to see how quickly you can start receiving pay and benefits. Make an Enquiry First NameLast NameEmailPhone\/MobileAre you the patient? Yes NoDoes the patient have Medicaid?* (Medicare is NOT enough) Yes No I don&#8217;t know ALB [&hellip;]<\/p>","protected":false},"author":1,"featured_media":0,"parent":0,"menu_order":0,"comment_status":"closed","ping_status":"closed","template":"elementor_header_footer","meta":{"footnotes":""},"class_list":["post-337","page","type-page","status-publish","hentry"],"yoast_head":"<!-- This site is optimized with the Yoast SEO plugin v23.4 - https:\/\/yoast.com\/wordpress\/plugins\/seo\/ -->\n<title>Make an Enquiry - Caring for Loved Ones Together!<\/title>\n<meta name=\"robots\" content=\"index, follow, max-snippet:-1, max-image-preview:large, max-video-preview:-1\" \/>\n<link rel=\"canonical\" href=\"https:\/\/albhomecare.com\/tr\/make-an-enquiry\/\" \/>\n<meta property=\"og:locale\" content=\"tr_TR\" \/>\n<meta property=\"og:type\" content=\"article\" \/>\n<meta property=\"og:title\" content=\"Make an Enquiry - Caring for Loved Ones Together!\" \/>\n<meta property=\"og:description\" content=\"Make an Enquiry You are likely eligible! If you have Medicaid, you are likely eligible. Complete the form below to see how quickly you can start receiving pay and benefits. Make an Enquiry First NameLast NameEmailPhone\/MobileAre you the patient? Yes NoDoes the patient have Medicaid?* (Medicare is NOT enough) Yes No I don&#8217;t know ALB [&hellip;]\" \/>\n<meta property=\"og:url\" content=\"https:\/\/albhomecare.com\/tr\/make-an-enquiry\/\" \/>\n<meta property=\"og:site_name\" content=\"Caring for Loved Ones Together!\" \/>\n<meta property=\"article:modified_time\" content=\"2024-09-05T20:46:54+00:00\" \/>\n<meta name=\"twitter:card\" content=\"summary_large_image\" \/>\n<meta name=\"twitter:label1\" content=\"Tahmini okuma s\u00fcresi\" \/>\n\t<meta name=\"twitter:data1\" content=\"1 dakika\" \/>\n<script type=\"application\/ld+json\" class=\"yoast-schema-graph\">{\"@context\":\"https:\/\/schema.org\",\"@graph\":[{\"@type\":\"WebPage\",\"@id\":\"https:\/\/albhomecare.com\/make-an-enquiry\/\",\"url\":\"https:\/\/albhomecare.com\/make-an-enquiry\/\",\"name\":\"Make an Enquiry - Caring for Loved Ones Together!\",\"isPartOf\":{\"@id\":\"https:\/\/albhomecare.com\/#website\"},\"datePublished\":\"2024-09-05T20:36:40+00:00\",\"dateModified\":\"2024-09-05T20:46:54+00:00\",\"breadcrumb\":{\"@id\":\"https:\/\/albhomecare.com\/make-an-enquiry\/#breadcrumb\"},\"inLanguage\":\"tr\",\"potentialAction\":[{\"@type\":\"ReadAction\",\"target\":[\"https:\/\/albhomecare.com\/make-an-enquiry\/\"]}]},{\"@type\":\"BreadcrumbList\",\"@id\":\"https:\/\/albhomecare.com\/make-an-enquiry\/#breadcrumb\",\"itemListElement\":[{\"@type\":\"ListItem\",\"position\":1,\"name\":\"Home\",\"item\":\"https:\/\/albhomecare.com\/\"},{\"@type\":\"ListItem\",\"position\":2,\"name\":\"Make an Enquiry\"}]},{\"@type\":\"WebSite\",\"@id\":\"https:\/\/albhomecare.com\/#website\",\"url\":\"https:\/\/albhomecare.com\/\",\"name\":\"Caring for Loved Ones Together!\",\"description\":\"\",\"potentialAction\":[{\"@type\":\"SearchAction\",\"target\":{\"@type\":\"EntryPoint\",\"urlTemplate\":\"https:\/\/albhomecare.com\/?s={search_term_string}\"},\"query-input\":{\"@type\":\"PropertyValueSpecification\",\"valueRequired\":true,\"valueName\":\"search_term_string\"}}],\"inLanguage\":\"tr\"}]}<\/script>\n<!-- \/ Yoast SEO plugin. -->","yoast_head_json":{"title":"Make an Enquiry - Caring for Loved Ones Together!","robots":{"index":"index","follow":"follow","max-snippet":"max-snippet:-1","max-image-preview":"max-image-preview:large","max-video-preview":"max-video-preview:-1"},"canonical":"https:\/\/albhomecare.com\/tr\/make-an-enquiry\/","og_locale":"tr_TR","og_type":"article","og_title":"Make an Enquiry - Caring for Loved Ones Together!","og_description":"Make an Enquiry You are likely eligible! If you have Medicaid, you are likely eligible. Complete the form below to see how quickly you can start receiving pay and benefits. Make an Enquiry First NameLast NameEmailPhone\/MobileAre you the patient? Yes NoDoes the patient have Medicaid?* (Medicare is NOT enough) Yes No I don&#8217;t know ALB [&hellip;]","og_url":"https:\/\/albhomecare.com\/tr\/make-an-enquiry\/","og_site_name":"Caring for Loved Ones Together!","article_modified_time":"2024-09-05T20:46:54+00:00","twitter_card":"summary_large_image","twitter_misc":{"Tahmini okuma s\u00fcresi":"1 dakika"},"schema":{"@context":"https:\/\/schema.org","@graph":[{"@type":"WebPage","@id":"https:\/\/albhomecare.com\/make-an-enquiry\/","url":"https:\/\/albhomecare.com\/make-an-enquiry\/","name":"Make an Enquiry - Caring for Loved Ones Together!","isPartOf":{"@id":"https:\/\/albhomecare.com\/#website"},"datePublished":"2024-09-05T20:36:40+00:00","dateModified":"2024-09-05T20:46:54+00:00","breadcrumb":{"@id":"https:\/\/albhomecare.com\/make-an-enquiry\/#breadcrumb"},"inLanguage":"tr","potentialAction":[{"@type":"ReadAction","target":["https:\/\/albhomecare.com\/make-an-enquiry\/"]}]},{"@type":"BreadcrumbList","@id":"https:\/\/albhomecare.com\/make-an-enquiry\/#breadcrumb","itemListElement":[{"@type":"ListItem","position":1,"name":"Home","item":"https:\/\/albhomecare.com\/"},{"@type":"ListItem","position":2,"name":"Make an Enquiry"}]},{"@type":"WebSite","@id":"https:\/\/albhomecare.com\/#website","url":"https:\/\/albhomecare.com\/","name":"Caring for Loved Ones Together!","description":"","potentialAction":[{"@type":"SearchAction","target":{"@type":"EntryPoint","urlTemplate":"https:\/\/albhomecare.com\/?s={search_term_string}"},"query-input":{"@type":"PropertyValueSpecification","valueRequired":true,"valueName":"search_term_string"}}],"inLanguage":"tr"}]}},"_links":{"self":[{"href":"https:\/\/albhomecare.com\/tr\/wp-json\/wp\/v2\/pages\/337"}],"collection":[{"href":"https:\/\/albhomecare.com\/tr\/wp-json\/wp\/v2\/pages"}],"about":[{"href":"https:\/\/albhomecare.com\/tr\/wp-json\/wp\/v2\/types\/page"}],"author":[{"embeddable":true,"href":"https:\/\/albhomecare.com\/tr\/wp-json\/wp\/v2\/users\/1"}],"replies":[{"embeddable":true,"href":"https:\/\/albhomecare.com\/tr\/wp-json\/wp\/v2\/comments?post=337"}],"version-history":[{"count":10,"href":"https:\/\/albhomecare.com\/tr\/wp-json\/wp\/v2\/pages\/337\/revisions"}],"predecessor-version":[{"id":350,"href":"https:\/\/albhomecare.com\/tr\/wp-json\/wp\/v2\/pages\/337\/revisions\/350"}],"wp:attachment":[{"href":"https:\/\/albhomecare.com\/tr\/wp-json\/wp\/v2\/media?parent=337"}],"curies":[{"name":"wp","href":"https:\/\/api.w.org\/{rel}","templated":true}]}}